{"id":2,"date":"2016-02-03T04:08:41","date_gmt":"2016-02-03T04:08:41","guid":{"rendered":"http:\/\/wp442m.a10-52-158-154.qa.plesk.ru\/wordpress\/?page_id=2"},"modified":"2020-05-10T14:43:41","modified_gmt":"2020-05-10T14:43:41","slug":"sample-page","status":"publish","type":"page","link":"http:\/\/ferienhaus-disentis.ch\/","title":{"rendered":"Willkommen"},"content":{"rendered":"<h3>Ein Juwel in den B\u00fcndner Bergen!<\/h3>\n<p class=\"p1\"><span class=\"s1\">Geniessen Sie erholsame Ruhetage in unserem Haus.<\/span><\/p>\n<p class=\"p1\" style=\"text-align: justify;\"><span class=\"s1\">In dieser&nbsp;sch\u00f6nen und hellen 3,5 Zimmerwohnung mit grosser Terrasse werden Sie&nbsp;<\/span><span class=\"s1\">sich vom ersten Tag an wohl und daheim&nbsp;<\/span><span class=\"s1\">f\u00fchlen. Sie ist das Herzst\u00fcck f\u00fcr erholsame Ferien, in denen Sie&nbsp;<\/span><span class=\"s1\">richtig abschalten und Ihre Urlaubstage voll und ganz geniessen k\u00f6nnen.&nbsp;<\/span><span class=\"s1\">Ein Refugium, in welches Sie sich immer wieder gerne zur\u00fcckziehen.&nbsp;<\/span><\/p>\n<p class=\"p1\" style=\"text-align: justify;\"><span class=\"s1\">Die Wohnung ist sehr grossz\u00fcgig (95m\u00b2) gestaltet und liebevoll eingerichtet. Sie befindet sich in einem alten B\u00fcndner Bauernhaus, welches 2016&nbsp;<\/span><span class=\"s1\">total renoviert wurde. Wir legen grossen Wert auf Nachhaltigkeit. So liessen wir<\/span><span class=\"s1\">&nbsp;m\u00f6glichst viele biologische und \u00f6kologische Gedanken in die Neugestaltung einfliessen.&nbsp;<\/span><\/p>\n<p class=\"p1\" style=\"text-align: justify;\"><span class=\"s1\">Im Arven-Wohnzimmer mit Chemin\u00e9e und einer bequemen Sitzgruppe k\u00f6nnen Sie lesen,&nbsp;<\/span><span class=\"s1\">faulenzen, tr\u00e4umen und fernsehen.<\/span><\/p>\n<p class=\"p1\" style=\"text-align: justify;\"><span class=\"s1\">Der grosse Esstisch l\u00e4dt zum gem\u00fctlichen Essen, Spielen oder Plaudern ein.<\/span><\/p>\n<p class=\"p1\" style=\"text-align: justify;\"><span class=\"s1\">In der modernen, grossz\u00fcgig eingerichteten K\u00fcche mit Geschirrsp\u00fcler, Backofen, Kaffeemaschine, <\/span><span class=\"s1\">Glaskeramikherd und grossem K\u00fchl\/Gefrierschrank ist alles vorhanden, was&nbsp;<\/span><span class=\"s1\">es f\u00fcr ein gem\u00fctliches Essen, einen Fondue- oder Racletteplausch oder einen&nbsp;<\/span><span class=\"s1\">B\u00fcndner Abend braucht.<\/span><\/p>\n<p class=\"p1\" style=\"text-align: justify;\"><span class=\"s1\">Im Doppel-Schlafzimmer befindet sich ein metallfreies Arvenbett, welches nachweislich f\u00fcr einen besseren Schlaf sorgt. Das zweite Schlafzimmer ist mit drei Vollholzbetten eingerichtet.&nbsp;<\/span><\/p>\n<p class=\"p1\" style=\"text-align: justify;\">Grosser Garten mit Gartensitzplatz und Grill.<\/p>\n<p class=\"p1\" style=\"text-align: justify;\">Nebenbei stehen Ihnen Waschmaschine und Tumbler, ein Abstellraum f\u00fcr Skis und Fahrr\u00e4der sowie einen Parkplatz&nbsp;zur Verf\u00fcgung.<\/p>\n","protected":false},"excerpt":{"rendered":"<p>Ein Juwel in den B\u00fcndner Bergen! Geniessen Sie erholsame Ruhetage in unserem Haus. In dieser&nbsp;sch\u00f6nen und hellen 3,5 Zimmerwohnung mit grosser Terrasse werden Sie&nbsp;sich vom ersten Tag an wohl und daheim&nbsp;f\u00fchlen. Sie ist das Herzst\u00fcck f\u00fcr erholsame Ferien, in denen Sie&nbsp;richtig abschalten und Ihre Urlaubstage voll und ganz geniessen k\u00f6nnen.&nbsp;Ein Refugium, in welches Sie sich [&hellip;]<\/p>\n","protected":false},"author":1,"featured_media":0,"parent":0,"menu_order":1,"comment_status":"closed","ping_status":"closed","template":"","meta":{"footnotes":""},"class_list":["post-2","page","type-page","status-publish","hentry"],"_links":{"self":[{"href":"http:\/\/ferienhaus-disentis.ch\/index.php?rest_route=\/wp\/v2\/pages\/2","targetHints":{"allow":["GET"]}}],"collection":[{"href":"http:\/\/ferienhaus-disentis.ch\/index.php?rest_route=\/wp\/v2\/pages"}],"about":[{"href":"http:\/\/ferienhaus-disentis.ch\/index.php?rest_route=\/wp\/v2\/types\/page"}],"author":[{"embeddable":true,"href":"http:\/\/ferienhaus-disentis.ch\/index.php?rest_route=\/wp\/v2\/users\/1"}],"replies":[{"embeddable":true,"href":"http:\/\/ferienhaus-disentis.ch\/index.php?rest_route=%2Fwp%2Fv2%2Fcomments&post=2"}],"version-history":[{"count":9,"href":"http:\/\/ferienhaus-disentis.ch\/index.php?rest_route=\/wp\/v2\/pages\/2\/revisions"}],"predecessor-version":[{"id":184,"href":"http:\/\/ferienhaus-disentis.ch\/index.php?rest_route=\/wp\/v2\/pages\/2\/revisions\/184"}],"wp:attachment":[{"href":"http:\/\/ferienhaus-disentis.ch\/index.php?rest_route=%2Fwp%2Fv2%2Fmedia&parent=2"}],"curies":[{"name":"wp","href":"https:\/\/api.w.org\/{rel}","templated":true}]}}